{"id":314,"date":"2023-12-29T11:44:34","date_gmt":"2023-12-29T10:44:34","guid":{"rendered":"https:\/\/pattzdesign.com\/?page_id=314"},"modified":"2024-10-11T21:40:37","modified_gmt":"2024-10-11T19:40:37","slug":"portfolio-pattzdesign","status":"publish","type":"page","link":"https:\/\/pattzdesign.com\/index.php\/portfolio-pattzdesign\/","title":{"rendered":"Portfolio"},"content":{"rendered":"<p>[et_pb_section fb_built=&#8221;1&#8243; admin_label=&#8221;Header&#8221; _builder_version=&#8221;4.23.4&#8243; _module_preset=&#8221;default&#8221; background_color=&#8221;#FFFAF4&#8243; background_image=&#8221;http:\/\/pattzdesign.com\/wp-content\/uploads\/2024\/01\/luigi-manga-kbYD_aSAeg8-unsplash-scaled.jpg&#8221; custom_padding=&#8221;||0px|||&#8221; global_colors_info=&#8221;{}&#8221;][et_pb_row column_structure=&#8221;1_2,1_2&#8243; _builder_version=&#8221;4.23.4&#8243; _module_preset=&#8221;default&#8221; custom_padding=&#8221;81px|||||&#8221; global_colors_info=&#8221;{}&#8221;][et_pb_column type=&#8221;1_2&#8243; _builder_version=&#8221;4.23.4&#8243; _module_preset=&#8221;default&#8221; global_colors_info=&#8221;{}&#8221;][et_pb_image src=&#8221;http:\/\/pattzdesign.com\/wp-content\/uploads\/2024\/01\/Logitos-.png&#8221; title_text=&#8221;Portfolio&#8221; _builder_version=&#8221;4.23.4&#8243; _module_preset=&#8221;default&#8221; custom_margin=&#8221;-65px||36px|||&#8221; border_radii=&#8221;on|40px|40px|40px|40px&#8221; box_shadow_style=&#8221;preset1&#8243; global_colors_info=&#8221;{}&#8221;][\/et_pb_image][\/et_pb_column][et_pb_column type=&#8221;1_2&#8243; _builder_version=&#8221;4.23.4&#8243; _module_preset=&#8221;default&#8221; global_colors_info=&#8221;{}&#8221;][et_pb_text _builder_version=&#8221;4.23.4&#8243; _module_preset=&#8221;default&#8221; text_font=&#8221;Typewriter|100|||||||&#8221; text_text_color=&#8221;#0f0047&#8243; text_font_size=&#8221;17px&#8221; custom_margin=&#8221;-15px|||||&#8221; global_colors_info=&#8221;{}&#8221;]<\/p>\n<p><strong>\u00a1Bienvenid@ a mi portfolio creativo!<\/strong><\/p>\n<p><strong><\/strong><\/p>\n<p>[\/et_pb_text][et_pb_text _builder_version=&#8221;4.23.4&#8243; _module_preset=&#8221;default&#8221; text_font=&#8221;Albert Sans|300|||||||&#8221; text_text_color=&#8221;#0f0047&#8243; text_font_size=&#8221;15px&#8221; custom_margin=&#8221;-31px|||||&#8221; custom_padding=&#8221;|1px||||&#8221; global_colors_info=&#8221;{}&#8221;]<\/p>\n<p style=\"text-align: left;\"><span><\/span><\/p>\n<p style=\"text-align: left;\"><span><\/span><\/p>\n<p style=\"text-align: left;\"><span>Aqu\u00ed podr\u00e1s ver una serie de trabajos que he realizado en los \u00faltimos a\u00f1os organizados en cuatro categor\u00edas diferentes: dibujo y pintura, ilustraci\u00f3n digital, dise\u00f1o editorial y fotograf\u00eda. En cada una de ellas te explico cu\u00e1les son mis motivaciones, t\u00e9cnicas e intereses.<\/span><\/p>\n<p>[\/et_pb_text][\/et_pb_column][\/et_pb_row][\/et_pb_section][et_pb_section fb_built=&#8221;1&#8243; admin_label=&#8221;Projects&#8221; _builder_version=&#8221;4.23.4&#8243; _module_preset=&#8221;default&#8221; background_color=&#8221;#fcf9f4&#8243; custom_padding=&#8221;0px||||false|false&#8221; global_colors_info=&#8221;{%22gcid-3d886ef6-8731-4e14-8402-fb3e08bbe225%22:%91%22background_color%22%93}&#8221;][et_pb_row column_structure=&#8221;1_2,1_2&#8243; _builder_version=&#8221;4.23.4&#8243; _module_preset=&#8221;default&#8221; custom_padding=&#8221;77px|||||&#8221; global_colors_info=&#8221;{}&#8221;][et_pb_column type=&#8221;1_2&#8243; _builder_version=&#8221;4.23.4&#8243; _module_preset=&#8221;default&#8221; global_colors_info=&#8221;{}&#8221;][et_pb_text admin_label=&#8221;Texto&#8221; _builder_version=&#8221;4.23.4&#8243; _module_preset=&#8221;cdaf33f5-8391-4133-a0ef-b8d373b4b2ad&#8221; text_font=&#8221;Typewriter||||||||&#8221; header_font=&#8221;Anonymous Pro||||||||&#8221; header_font_size=&#8221;28px&#8221; header_3_font=&#8221;Typewriter|700|||||||&#8221; header_3_text_color=&#8221;#E09900&#8243; header_3_font_size=&#8221;20px&#8221; header_3_line_height=&#8221;1.6em&#8221; custom_margin=&#8221;||0px||false|false&#8221; locked=&#8221;off&#8221; global_colors_info=&#8221;{}&#8221;]<\/p>\n<h3 style=\"text-align: center;\">&#8211; Dibujo y Pintura &#8211;<\/h3>\n<p>&nbsp;<\/p>\n<p>[\/et_pb_text][et_pb_image src=&#8221;http:\/\/pattzdesign.com\/wp-content\/uploads\/2024\/01\/Foto-retiro-scaled.jpg&#8221; title_text=&#8221;Dibujo Palacio de Cristal&#8221; url=&#8221;https:\/\/pattzdesign.com\/index.php\/project\/dibujo-y-pintura\/&#8221; _builder_version=&#8221;4.23.4&#8243; _module_preset=&#8221;default&#8221; width=&#8221;66%&#8221; module_alignment=&#8221;center&#8221; custom_margin=&#8221;||28px|||&#8221; custom_padding=&#8221;||0px|||&#8221; border_radii=&#8221;on|20px|20px|20px|20px&#8221; box_shadow_style=&#8221;preset1&#8243; locked=&#8221;off&#8221; global_colors_info=&#8221;{}&#8221;][\/et_pb_image][et_pb_button button_url=&#8221;https:\/\/pattzdesign.com\/index.php\/project\/dibujo-y-pintura\/&#8221; button_text=&#8221;Ver proyecto&#8221; button_alignment=&#8221;center&#8221; _builder_version=&#8221;4.23.4&#8243; _module_preset=&#8221;default&#8221; custom_button=&#8221;on&#8221; button_text_size=&#8221;16px&#8221; button_text_color=&#8221;#4f4f4f&#8221; button_border_width=&#8221;0px&#8221; button_letter_spacing=&#8221;2px&#8221; button_font=&#8221;Courier Prime|||on|||||&#8221; button_icon=&#8221;&#x24;||divi||400&#8243; button_on_hover=&#8221;off&#8221; hover_enabled=&#8221;0&#8243; global_colors_info=&#8221;{}&#8221; button_letter_spacing__hover_enabled=&#8221;on|desktop&#8221; button_letter_spacing__hover=&#8221;2px&#8221; sticky_enabled=&#8221;0&#8243;][\/et_pb_button][\/et_pb_column][et_pb_column type=&#8221;1_2&#8243; _builder_version=&#8221;4.23.4&#8243; _module_preset=&#8221;default&#8221; global_colors_info=&#8221;{}&#8221;][et_pb_text admin_label=&#8221;Texto&#8221; _builder_version=&#8221;4.23.4&#8243; _module_preset=&#8221;cdaf33f5-8391-4133-a0ef-b8d373b4b2ad&#8221; text_font=&#8221;Typewriter||||||||&#8221; header_font=&#8221;Anonymous Pro||||||||&#8221; header_font_size=&#8221;28px&#8221; header_3_font=&#8221;Typewriter|700|||||||&#8221; header_3_text_color=&#8221;#8d2e96&#8243; header_3_font_size=&#8221;20px&#8221; header_3_line_height=&#8221;1.6em&#8221; custom_margin=&#8221;||0px||false|false&#8221; locked=&#8221;off&#8221; global_colors_info=&#8221;{}&#8221;]<\/p>\n<h3 style=\"text-align: center;\">&#8211; Ilustraci\u00f3n Digital &#8211;<\/h3>\n<p>&nbsp;<\/p>\n<p>[\/et_pb_text][et_pb_image src=&#8221;http:\/\/pattzdesign.com\/wp-content\/uploads\/2023\/12\/MIRINGAS_PNG.png&#8221; title_text=&#8221;MIRINGAS_PNG&#8221; url=&#8221;https:\/\/pattzdesign.com\/index.php\/project\/ilustracion-digital-pattzdesign\/&#8221; align=&#8221;center&#8221; _builder_version=&#8221;4.23.4&#8243; _module_preset=&#8221;default&#8221; width=&#8221;69%&#8221; module_alignment=&#8221;center&#8221; min_height=&#8221;387px&#8221; max_height_tablet=&#8221;400px&#8221; max_height_phone=&#8221;400px&#8221; max_height_last_edited=&#8221;on|tablet&#8221; custom_margin=&#8221;|-27px||||&#8221; border_radii=&#8221;on|20px|20px|20px|20px&#8221; box_shadow_style=&#8221;preset1&#8243; locked=&#8221;off&#8221; global_colors_info=&#8221;{}&#8221;][\/et_pb_image][et_pb_button button_url=&#8221;https:\/\/pattzdesign.com\/index.php\/project\/ilustracion-digital-pattzdesign\/&#8221; button_text=&#8221;Ver proyecto&#8221; button_alignment=&#8221;center&#8221; _builder_version=&#8221;4.23.4&#8243; _module_preset=&#8221;default&#8221; custom_button=&#8221;on&#8221; button_text_size=&#8221;16px&#8221; button_text_color=&#8221;#4f4f4f&#8221; button_border_width=&#8221;0px&#8221; button_letter_spacing=&#8221;2px&#8221; button_font=&#8221;Courier Prime|||on|||||&#8221; button_icon=&#8221;&#x24;||divi||400&#8243; button_on_hover=&#8221;off&#8221; global_colors_info=&#8221;{}&#8221; button_letter_spacing__hover_enabled=&#8221;on|desktop&#8221; button_letter_spacing__hover=&#8221;2px&#8221;][\/et_pb_button][\/et_pb_column][\/et_pb_row][et_pb_row column_structure=&#8221;1_2,1_2&#8243; _builder_version=&#8221;4.23.4&#8243; _module_preset=&#8221;default&#8221; custom_padding=&#8221;51px|||||&#8221; global_colors_info=&#8221;{}&#8221;][et_pb_column type=&#8221;1_2&#8243; _builder_version=&#8221;4.23.4&#8243; _module_preset=&#8221;default&#8221; global_colors_info=&#8221;{}&#8221;][et_pb_text admin_label=&#8221;Texto&#8221; _builder_version=&#8221;4.23.4&#8243; _module_preset=&#8221;cdaf33f5-8391-4133-a0ef-b8d373b4b2ad&#8221; text_font=&#8221;Typewriter||||||||&#8221; header_font=&#8221;Anonymous Pro||||||||&#8221; header_text_color=&#8221;#4b0684&#8243; header_font_size=&#8221;28px&#8221; header_3_font=&#8221;Typewriter|700|||||||&#8221; header_3_text_color=&#8221;#030068&#8243; header_3_font_size=&#8221;20px&#8221; header_3_line_height=&#8221;1.6em&#8221; custom_margin=&#8221;||0px||false|false&#8221; locked=&#8221;off&#8221; global_colors_info=&#8221;{}&#8221;]<\/p>\n<h3 style=\"text-align: center;\">&#8211; Dise\u00f1o editorial y web &#8211;\u00a0<\/h3>\n<p>&nbsp;<\/p>\n<p>[\/et_pb_text][et_pb_image src=&#8221;http:\/\/pattzdesign.com\/wp-content\/uploads\/2023\/12\/Revista_72ppp-scaled.jpg&#8221; title_text=&#8221;Revista_72ppp&#8221; url=&#8221;https:\/\/pattzdesign.com\/index.php\/project\/diseno-editorial-pattzdesign\/&#8221; _builder_version=&#8221;4.23.4&#8243; _module_preset=&#8221;default&#8221; width=&#8221;69%&#8221; module_alignment=&#8221;center&#8221; custom_margin=&#8221;||28px|||&#8221; custom_padding=&#8221;||0px|||&#8221; border_radii=&#8221;on|20px|20px|20px|20px&#8221; box_shadow_style=&#8221;preset1&#8243; locked=&#8221;off&#8221; global_colors_info=&#8221;{}&#8221;][\/et_pb_image][et_pb_button button_url=&#8221;https:\/\/pattzdesign.com\/index.php\/project\/diseno-editorial-pattzdesign\/&#8221; button_text=&#8221;Ver proyecto&#8221; button_alignment=&#8221;center&#8221; _builder_version=&#8221;4.23.4&#8243; _module_preset=&#8221;default&#8221; custom_button=&#8221;on&#8221; button_text_size=&#8221;16px&#8221; button_text_color=&#8221;#4f4f4f&#8221; button_border_width=&#8221;0px&#8221; button_letter_spacing=&#8221;2px&#8221; button_font=&#8221;Courier Prime|||on|||||&#8221; button_icon=&#8221;&#x24;||divi||400&#8243; button_on_hover=&#8221;off&#8221; global_colors_info=&#8221;{}&#8221; button_letter_spacing__hover_enabled=&#8221;on|desktop&#8221; button_letter_spacing__hover=&#8221;2px&#8221;][\/et_pb_button][\/et_pb_column][et_pb_column type=&#8221;1_2&#8243; _builder_version=&#8221;4.23.4&#8243; _module_preset=&#8221;default&#8221; global_colors_info=&#8221;{}&#8221;][et_pb_text admin_label=&#8221;Texto&#8221; _builder_version=&#8221;4.23.4&#8243; _module_preset=&#8221;cdaf33f5-8391-4133-a0ef-b8d373b4b2ad&#8221; text_font=&#8221;Typewriter||||||||&#8221; header_font=&#8221;Anonymous Pro||||||||&#8221; header_text_color=&#8221;#4b0684&#8243; header_font_size=&#8221;28px&#8221; header_3_font=&#8221;Typewriter|700|||||||&#8221; header_3_text_color=&#8221;#1e5b00&#8243; header_3_font_size=&#8221;20px&#8221; header_3_line_height=&#8221;1.6em&#8221; custom_margin=&#8221;||0px||false|false&#8221; locked=&#8221;off&#8221; global_colors_info=&#8221;{}&#8221;]<\/p>\n<h3 style=\"text-align: center;\">&#8211; Fotograf\u00eda &#8211;<\/h3>\n<p>&nbsp;<\/p>\n<p>[\/et_pb_text][et_pb_image src=&#8221;http:\/\/pattzdesign.com\/wp-content\/uploads\/2024\/01\/000037-rotated.jpg&#8221; title_text=&#8221;Fotograf\u00eda&#8221; url=&#8221;https:\/\/pattzdesign.com\/index.php\/project\/fotografia-naturaleza-abstracta-retrato-arquitectura-abstracta\/&#8221; _builder_version=&#8221;4.23.4&#8243; _module_preset=&#8221;default&#8221; width=&#8221;65%&#8221; module_alignment=&#8221;center&#8221; custom_margin=&#8221;||28px|||&#8221; custom_padding=&#8221;||0px|||&#8221; border_radii=&#8221;on|20px|20px|20px|20px&#8221; box_shadow_style=&#8221;preset1&#8243; locked=&#8221;off&#8221; global_colors_info=&#8221;{}&#8221;][\/et_pb_image][et_pb_button button_url=&#8221;https:\/\/pattzdesign.com\/index.php\/project\/fotografia-naturaleza-abstracta-retrato-arquitectura-abstracta\/&#8221; button_text=&#8221;Ver proyecto&#8221; button_alignment=&#8221;center&#8221; _builder_version=&#8221;4.23.4&#8243; _module_preset=&#8221;default&#8221; custom_button=&#8221;on&#8221; button_text_size=&#8221;16px&#8221; button_text_color=&#8221;#4f4f4f&#8221; button_border_width=&#8221;0px&#8221; button_letter_spacing=&#8221;2px&#8221; button_font=&#8221;Courier Prime|||on|||||&#8221; button_icon=&#8221;&#x24;||divi||400&#8243; button_on_hover=&#8221;off&#8221; global_colors_info=&#8221;{}&#8221; button_letter_spacing__hover_enabled=&#8221;on|desktop&#8221; button_letter_spacing__hover=&#8221;2px&#8221;][\/et_pb_button][\/et_pb_column][\/et_pb_row][\/et_pb_section]<\/p>\n","protected":false},"excerpt":{"rendered":"<p>\u00a1Bienvenid@ a mi portfolio creativo! Aqu\u00ed podr\u00e1s ver una serie de trabajos que he realizado en los \u00faltimos a\u00f1os organizados en cuatro categor\u00edas diferentes: dibujo y pintura, ilustraci\u00f3n digital, dise\u00f1o editorial y fotograf\u00eda. En cada una de ellas te explico cu\u00e1les son mis motivaciones, t\u00e9cnicas e intereses.- Dibujo y Pintura &#8211; &nbsp;&#8211; Ilustraci\u00f3n Digital &#8211; [&hellip;]<\/p>\n","protected":false},"author":1,"featured_media":0,"parent":0,"menu_order":0,"comment_status":"closed","ping_status":"closed","template":"","meta":{"_et_pb_use_builder":"on","_et_pb_old_content":"","_et_gb_content_width":"","footnotes":""},"yoast_head":"<!-- This site is optimized with the Yoast SEO plugin v21.8 - https:\/\/yoast.com\/wordpress\/plugins\/seo\/ -->\n<title>Portfolio - Pattzdesign<\/title>\n<meta name=\"description\" content=\"Descubre mi amplio portfolio creativo de ilustraci\u00f3n, fotograf\u00eda y dise\u00f1o, donde te muestro una selecci\u00f3n de mis trabajos m\u00e1s recientes.\" \/>\n<meta name=\"robots\" content=\"index, follow, max-snippet:-1, max-image-preview:large, max-video-preview:-1\" \/>\n<link rel=\"canonical\" href=\"https:\/\/pattzdesign.com\/index.php\/portfolio-pattzdesign\/\" \/>\n<meta property=\"og:locale\" content=\"en_US\" \/>\n<meta property=\"og:type\" content=\"article\" \/>\n<meta property=\"og:title\" content=\"Portfolio - Pattzdesign\" \/>\n<meta property=\"og:description\" content=\"Descubre mi amplio portfolio creativo de ilustraci\u00f3n, fotograf\u00eda y dise\u00f1o, donde te muestro una selecci\u00f3n de mis trabajos m\u00e1s recientes.\" \/>\n<meta property=\"og:url\" content=\"https:\/\/pattzdesign.com\/index.php\/portfolio-pattzdesign\/\" \/>\n<meta property=\"og:site_name\" content=\"pattzdesign.com\" \/>\n<meta property=\"article:modified_time\" content=\"2024-10-11T19:40:37+00:00\" \/>\n<meta name=\"twitter:card\" content=\"summary_large_image\" \/>\n<meta name=\"twitter:label1\" content=\"Est. reading time\" \/>\n\t<meta name=\"twitter:data1\" content=\"2 minutes\" \/>\n<script type=\"application\/ld+json\" class=\"yoast-schema-graph\">{\"@context\":\"https:\/\/schema.org\",\"@graph\":[{\"@type\":\"WebPage\",\"@id\":\"https:\/\/pattzdesign.com\/index.php\/portfolio-pattzdesign\/\",\"url\":\"https:\/\/pattzdesign.com\/index.php\/portfolio-pattzdesign\/\",\"name\":\"Portfolio - Pattzdesign\",\"isPartOf\":{\"@id\":\"https:\/\/pattzdesign.com\/#website\"},\"datePublished\":\"2023-12-29T10:44:34+00:00\",\"dateModified\":\"2024-10-11T19:40:37+00:00\",\"description\":\"Descubre mi amplio portfolio creativo de ilustraci\u00f3n, fotograf\u00eda y dise\u00f1o, donde te muestro una selecci\u00f3n de mis trabajos m\u00e1s recientes.\",\"breadcrumb\":{\"@id\":\"https:\/\/pattzdesign.com\/index.php\/portfolio-pattzdesign\/#breadcrumb\"},\"inLanguage\":\"en-US\",\"potentialAction\":[{\"@type\":\"ReadAction\",\"target\":[\"https:\/\/pattzdesign.com\/index.php\/portfolio-pattzdesign\/\"]}]},{\"@type\":\"BreadcrumbList\",\"@id\":\"https:\/\/pattzdesign.com\/index.php\/portfolio-pattzdesign\/#breadcrumb\",\"itemListElement\":[{\"@type\":\"ListItem\",\"position\":1,\"name\":\"Portada\",\"item\":\"https:\/\/pattzdesign.com\/\"},{\"@type\":\"ListItem\",\"position\":2,\"name\":\"Portfolio\"}]},{\"@type\":\"WebSite\",\"@id\":\"https:\/\/pattzdesign.com\/#website\",\"url\":\"https:\/\/pattzdesign.com\/\",\"name\":\"pattzdesign.com\",\"description\":\"\",\"potentialAction\":[{\"@type\":\"SearchAction\",\"target\":{\"@type\":\"EntryPoint\",\"urlTemplate\":\"https:\/\/pattzdesign.com\/?s={search_term_string}\"},\"query-input\":\"required name=search_term_string\"}],\"inLanguage\":\"en-US\"}]}<\/script>\n<!-- \/ Yoast SEO plugin. -->","yoast_head_json":{"title":"Portfolio - Pattzdesign","description":"Descubre mi amplio portfolio creativo de ilustraci\u00f3n, fotograf\u00eda y dise\u00f1o, donde te muestro una selecci\u00f3n de mis trabajos m\u00e1s recientes.","robots":{"index":"index","follow":"follow","max-snippet":"max-snippet:-1","max-image-preview":"max-image-preview:large","max-video-preview":"max-video-preview:-1"},"canonical":"https:\/\/pattzdesign.com\/index.php\/portfolio-pattzdesign\/","og_locale":"en_US","og_type":"article","og_title":"Portfolio - Pattzdesign","og_description":"Descubre mi amplio portfolio creativo de ilustraci\u00f3n, fotograf\u00eda y dise\u00f1o, donde te muestro una selecci\u00f3n de mis trabajos m\u00e1s recientes.","og_url":"https:\/\/pattzdesign.com\/index.php\/portfolio-pattzdesign\/","og_site_name":"pattzdesign.com","article_modified_time":"2024-10-11T19:40:37+00:00","twitter_card":"summary_large_image","twitter_misc":{"Est. reading time":"2 minutes"},"schema":{"@context":"https:\/\/schema.org","@graph":[{"@type":"WebPage","@id":"https:\/\/pattzdesign.com\/index.php\/portfolio-pattzdesign\/","url":"https:\/\/pattzdesign.com\/index.php\/portfolio-pattzdesign\/","name":"Portfolio - Pattzdesign","isPartOf":{"@id":"https:\/\/pattzdesign.com\/#website"},"datePublished":"2023-12-29T10:44:34+00:00","dateModified":"2024-10-11T19:40:37+00:00","description":"Descubre mi amplio portfolio creativo de ilustraci\u00f3n, fotograf\u00eda y dise\u00f1o, donde te muestro una selecci\u00f3n de mis trabajos m\u00e1s recientes.","breadcrumb":{"@id":"https:\/\/pattzdesign.com\/index.php\/portfolio-pattzdesign\/#breadcrumb"},"inLanguage":"en-US","potentialAction":[{"@type":"ReadAction","target":["https:\/\/pattzdesign.com\/index.php\/portfolio-pattzdesign\/"]}]},{"@type":"BreadcrumbList","@id":"https:\/\/pattzdesign.com\/index.php\/portfolio-pattzdesign\/#breadcrumb","itemListElement":[{"@type":"ListItem","position":1,"name":"Portada","item":"https:\/\/pattzdesign.com\/"},{"@type":"ListItem","position":2,"name":"Portfolio"}]},{"@type":"WebSite","@id":"https:\/\/pattzdesign.com\/#website","url":"https:\/\/pattzdesign.com\/","name":"pattzdesign.com","description":"","potentialAction":[{"@type":"SearchAction","target":{"@type":"EntryPoint","urlTemplate":"https:\/\/pattzdesign.com\/?s={search_term_string}"},"query-input":"required name=search_term_string"}],"inLanguage":"en-US"}]}},"_links":{"self":[{"href":"https:\/\/pattzdesign.com\/index.php\/wp-json\/wp\/v2\/pages\/314"}],"collection":[{"href":"https:\/\/pattzdesign.com\/index.php\/wp-json\/wp\/v2\/pages"}],"about":[{"href":"https:\/\/pattzdesign.com\/index.php\/wp-json\/wp\/v2\/types\/page"}],"author":[{"embeddable":true,"href":"https:\/\/pattzdesign.com\/index.php\/wp-json\/wp\/v2\/users\/1"}],"replies":[{"embeddable":true,"href":"https:\/\/pattzdesign.com\/index.php\/wp-json\/wp\/v2\/comments?post=314"}],"version-history":[{"count":62,"href":"https:\/\/pattzdesign.com\/index.php\/wp-json\/wp\/v2\/pages\/314\/revisions"}],"predecessor-version":[{"id":1190,"href":"https:\/\/pattzdesign.com\/index.php\/wp-json\/wp\/v2\/pages\/314\/revisions\/1190"}],"wp:attachment":[{"href":"https:\/\/pattzdesign.com\/index.php\/wp-json\/wp\/v2\/media?parent=314"}],"curies":[{"name":"wp","href":"https:\/\/api.w.org\/{rel}","templated":true}]}}