{"id":316,"date":"2023-12-29T13:46:58","date_gmt":"2023-12-29T12:46:58","guid":{"rendered":"https:\/\/pattzdesign.com\/?page_id=316"},"modified":"2024-10-12T01:04:20","modified_gmt":"2024-10-11T23:04:20","slug":"sobre-mi-pattzdesign","status":"publish","type":"page","link":"https:\/\/pattzdesign.com\/index.php\/sobre-mi-pattzdesign\/","title":{"rendered":"Sobre m\u00ed"},"content":{"rendered":"<p>[et_pb_section fb_built=&#8221;1&#8243; admin_label=&#8221;Header&#8221; _builder_version=&#8221;4.23.4&#8243; _module_preset=&#8221;default&#8221; background_color=&#8221;#fcf9f4&#8243; use_background_color_gradient=&#8221;on&#8221; background_color_gradient_stops=&#8221;rgba(255,255,255,0.23) 1%|rgba(255,255,255,0.41) 100%&#8221; background_color_gradient_overlays_image=&#8221;on&#8221; background_enable_image=&#8221;off&#8221; background_size=&#8221;custom&#8221; background_image_width=&#8221;100%&#8221; background_image_height=&#8221;100%&#8221; background_position=&#8221;bottom_center&#8221; width=&#8221;100%&#8221; custom_padding=&#8221;0px||0px|7px||&#8221; collapsed=&#8221;off&#8221; global_colors_info=&#8221;{}&#8221;][et_pb_row _builder_version=&#8221;4.17.4&#8243; _module_preset=&#8221;default&#8221; custom_padding=&#8221;||0px|||&#8221; global_colors_info=&#8221;{}&#8221;][et_pb_column type=&#8221;4_4&#8243; _builder_version=&#8221;4.17.3&#8243; _module_preset=&#8221;default&#8221; global_colors_info=&#8221;{}&#8221;][et_pb_image src=&#8221;http:\/\/pattzdesign.com\/wp-content\/uploads\/2023\/12\/Titulo_Mesa-de-trabajo-1.png&#8221; title_text=&#8221;Sobre m\u00ed 3&#8243; align=&#8221;center&#8221; _builder_version=&#8221;4.23.4&#8243; _module_preset=&#8221;default&#8221; custom_padding=&#8221;||0px|||&#8221; global_colors_info=&#8221;{}&#8221;][\/et_pb_image][\/et_pb_column][\/et_pb_row][et_pb_row column_structure=&#8221;1_2,1_2&#8243; make_equal=&#8221;on&#8221; _builder_version=&#8221;4.23.4&#8243; _module_preset=&#8221;default&#8221; width=&#8221;70%&#8221; custom_margin=&#8221;-6px|auto||auto||&#8221; custom_padding=&#8221;0px||0px|||&#8221; global_colors_info=&#8221;{}&#8221; min_height=&#8221;586.2px&#8221;][et_pb_column type=&#8221;1_2&#8243; _builder_version=&#8221;4.17.3&#8243; _module_preset=&#8221;default&#8221; global_colors_info=&#8221;{}&#8221;][et_pb_image src=&#8221;http:\/\/pattzdesign.com\/wp-content\/uploads\/2023\/12\/Sobre-mi-2.jpg&#8221; title_text=&#8221;Sobre m\u00ed 2&#8243; align=&#8221;center&#8221; _builder_version=&#8221;4.23.4&#8243; _module_preset=&#8221;default&#8221; transform_scale=&#8221;118%|118%&#8221; width=&#8221;71%&#8221; custom_margin=&#8221;1px|31px|175px|||&#8221; custom_padding=&#8221;45px|||||&#8221; hover_enabled=&#8221;0&#8243; border_radii=&#8221;on|30px|30px|30px|30px&#8221; global_colors_info=&#8221;{}&#8221; sticky_enabled=&#8221;0&#8243;][\/et_pb_image][\/et_pb_column][et_pb_column type=&#8221;1_2&#8243; _builder_version=&#8221;4.17.3&#8243; _module_preset=&#8221;default&#8221; global_colors_info=&#8221;{}&#8221;][et_pb_text _builder_version=&#8221;4.23.4&#8243; _module_preset=&#8221;518880c8-46c7-4ffa-b5a6-93ffa99dcc17&#8243; text_font=&#8221;Albert Sans|300|||||||&#8221; text_text_color=&#8221;#3d3d3d&#8221; text_font_size=&#8221;13px&#8221; text_line_height=&#8221;1.6em&#8221; width=&#8221;100%&#8221; custom_margin=&#8221;-46px|||||&#8221; custom_padding=&#8221;55px|0px||0px||&#8221; text_font_size_tablet=&#8221;16px&#8221; text_font_size_phone=&#8221;12px&#8221; text_font_size_last_edited=&#8221;on|desktop&#8221; locked=&#8221;off&#8221; inline_fonts=&#8221;Albert Sans&#8221; global_colors_info=&#8221;{}&#8221;]<\/p>\n<p><span style=\"font-family: 'Albert Sans'; font-weight: normal; font-size: medium;\"><\/span><\/p>\n<p style=\"text-align: left;\"><span style=\"font-family: 'Albert Sans'; font-weight: normal; font-size: medium;\">Me llamo Patricia y actualmente estoy estudiando la carrera de Dise\u00f1o Digital y Multimedia.<\/span><\/p>\n<p style=\"text-align: left;\"><span style=\"font-family: 'Albert Sans'; font-weight: normal; font-size: medium;\">Desde muy peque\u00f1a me ha gustado dibujar, pintar y hacer cualquier tipo de manualidad. Empec\u00e9 dibujando jirafas con cinco a\u00f1os y desde entonces no he parado de desarrollar mi inter\u00e9s por el arte y el dibujo.<\/span><\/p>\n<p style=\"text-align: left;\"><span style=\"font-family: 'Albert Sans'; font-weight: normal; font-size: medium;\">Desde que empec\u00e9 la universidad, mis inquietudes y pasiones se han ido ampliando y he intentado probar todo tipo de campos relacionados con el arte y el dise\u00f1o. Pero sin duda los que m\u00e1s me han llamado la atenci\u00f3n han sido la ilustraci\u00f3n tanto digital como tradicional, la identidad de marca, la fotograf\u00eda y el dise\u00f1o editorial. Cada d\u00eda intento practicar y aprender m\u00e1s sobre estos \u00e1mbitos para poder definir mi estilo y llegar a cumplir mis objetivos como artista y dise\u00f1adora.<\/span><\/p>\n<p style=\"text-align: left;\"><span style=\"font-family: 'Albert Sans'; font-weight: normal; font-size: medium;\">Entre mis aficiones est\u00e1n la m\u00fasica, los viajes y los idiomas. Soy bastante inquieta y me encanta descubrir nuevas cosas, m\u00e9todos, sitios, etc.<\/span><\/p>\n<p style=\"text-align: left;\"><span style=\"font-family: 'Albert Sans'; font-weight: normal; font-size: medium;\">Si tuviese que describir mi arte y obra art\u00edstica la definir\u00eda como una combinaci\u00f3n de observaci\u00f3n de mi entorno, experimentaci\u00f3n y pasi\u00f3n por lo que hago.<\/span><\/p>\n<p>[\/et_pb_text][\/et_pb_column][\/et_pb_row][et_pb_row _builder_version=&#8221;4.23.4&#8243; _module_preset=&#8221;default&#8221;][et_pb_column _builder_version=&#8221;4.23.4&#8243; _module_preset=&#8221;default&#8221; type=&#8221;4_4&#8243;][\/et_pb_column][\/et_pb_row][\/et_pb_section]<\/p>\n","protected":false},"excerpt":{"rendered":"<p>Me llamo Patricia y actualmente estoy estudiando la carrera de Dise\u00f1o Digital y Multimedia. Desde muy peque\u00f1a me ha gustado dibujar, pintar y hacer cualquier tipo de manualidad. Empec\u00e9 dibujando jirafas con cinco a\u00f1os y desde entonces no he parado de desarrollar mi inter\u00e9s por el arte y el dibujo. Desde que empec\u00e9 la universidad, [&hellip;]<\/p>\n","protected":false},"author":1,"featured_media":0,"parent":0,"menu_order":0,"comment_status":"closed","ping_status":"closed","template":"","meta":{"_et_pb_use_builder":"on","_et_pb_old_content":"","_et_gb_content_width":"","footnotes":""},"yoast_head":"<!-- This site is optimized with the Yoast SEO plugin v21.8 - https:\/\/yoast.com\/wordpress\/plugins\/seo\/ -->\n<title>Sobre m\u00ed - Pattzdesign<\/title>\n<meta name=\"description\" content=\"Descubre quien es Pattzdesign, una dise\u00f1adora gr\u00e1fica e ilustradora con grandes inquietudes e intereses. \u00a1Explora mi mundo creativo!\" \/>\n<meta name=\"robots\" content=\"index, follow, max-snippet:-1, max-image-preview:large, max-video-preview:-1\" \/>\n<link rel=\"canonical\" href=\"https:\/\/pattzdesign.com\/index.php\/sobre-mi-pattzdesign\/\" \/>\n<meta property=\"og:locale\" content=\"en_US\" \/>\n<meta property=\"og:type\" content=\"article\" \/>\n<meta property=\"og:title\" content=\"Sobre m\u00ed - Pattzdesign\" \/>\n<meta property=\"og:description\" content=\"Descubre quien es Pattzdesign, una dise\u00f1adora gr\u00e1fica e ilustradora con grandes inquietudes e intereses. \u00a1Explora mi mundo creativo!\" \/>\n<meta property=\"og:url\" content=\"https:\/\/pattzdesign.com\/index.php\/sobre-mi-pattzdesign\/\" \/>\n<meta property=\"og:site_name\" content=\"pattzdesign.com\" \/>\n<meta property=\"article:modified_time\" content=\"2024-10-11T23:04:20+00:00\" \/>\n<meta name=\"twitter:card\" content=\"summary_large_image\" \/>\n<meta name=\"twitter:label1\" content=\"Est. reading time\" \/>\n\t<meta name=\"twitter:data1\" content=\"4 minutes\" \/>\n<script type=\"application\/ld+json\" class=\"yoast-schema-graph\">{\"@context\":\"https:\/\/schema.org\",\"@graph\":[{\"@type\":\"WebPage\",\"@id\":\"https:\/\/pattzdesign.com\/index.php\/sobre-mi-pattzdesign\/\",\"url\":\"https:\/\/pattzdesign.com\/index.php\/sobre-mi-pattzdesign\/\",\"name\":\"Sobre m\u00ed - Pattzdesign\",\"isPartOf\":{\"@id\":\"https:\/\/pattzdesign.com\/#website\"},\"datePublished\":\"2023-12-29T12:46:58+00:00\",\"dateModified\":\"2024-10-11T23:04:20+00:00\",\"description\":\"Descubre quien es Pattzdesign, una dise\u00f1adora gr\u00e1fica e ilustradora con grandes inquietudes e intereses. \u00a1Explora mi mundo creativo!\",\"breadcrumb\":{\"@id\":\"https:\/\/pattzdesign.com\/index.php\/sobre-mi-pattzdesign\/#breadcrumb\"},\"inLanguage\":\"en-US\",\"potentialAction\":[{\"@type\":\"ReadAction\",\"target\":[\"https:\/\/pattzdesign.com\/index.php\/sobre-mi-pattzdesign\/\"]}]},{\"@type\":\"BreadcrumbList\",\"@id\":\"https:\/\/pattzdesign.com\/index.php\/sobre-mi-pattzdesign\/#breadcrumb\",\"itemListElement\":[{\"@type\":\"ListItem\",\"position\":1,\"name\":\"Portada\",\"item\":\"https:\/\/pattzdesign.com\/\"},{\"@type\":\"ListItem\",\"position\":2,\"name\":\"Sobre m\u00ed\"}]},{\"@type\":\"WebSite\",\"@id\":\"https:\/\/pattzdesign.com\/#website\",\"url\":\"https:\/\/pattzdesign.com\/\",\"name\":\"pattzdesign.com\",\"description\":\"\",\"potentialAction\":[{\"@type\":\"SearchAction\",\"target\":{\"@type\":\"EntryPoint\",\"urlTemplate\":\"https:\/\/pattzdesign.com\/?s={search_term_string}\"},\"query-input\":\"required name=search_term_string\"}],\"inLanguage\":\"en-US\"}]}<\/script>\n<!-- \/ Yoast SEO plugin. -->","yoast_head_json":{"title":"Sobre m\u00ed - Pattzdesign","description":"Descubre quien es Pattzdesign, una dise\u00f1adora gr\u00e1fica e ilustradora con grandes inquietudes e intereses. \u00a1Explora mi mundo creativo!","robots":{"index":"index","follow":"follow","max-snippet":"max-snippet:-1","max-image-preview":"max-image-preview:large","max-video-preview":"max-video-preview:-1"},"canonical":"https:\/\/pattzdesign.com\/index.php\/sobre-mi-pattzdesign\/","og_locale":"en_US","og_type":"article","og_title":"Sobre m\u00ed - Pattzdesign","og_description":"Descubre quien es Pattzdesign, una dise\u00f1adora gr\u00e1fica e ilustradora con grandes inquietudes e intereses. \u00a1Explora mi mundo creativo!","og_url":"https:\/\/pattzdesign.com\/index.php\/sobre-mi-pattzdesign\/","og_site_name":"pattzdesign.com","article_modified_time":"2024-10-11T23:04:20+00:00","twitter_card":"summary_large_image","twitter_misc":{"Est. reading time":"4 minutes"},"schema":{"@context":"https:\/\/schema.org","@graph":[{"@type":"WebPage","@id":"https:\/\/pattzdesign.com\/index.php\/sobre-mi-pattzdesign\/","url":"https:\/\/pattzdesign.com\/index.php\/sobre-mi-pattzdesign\/","name":"Sobre m\u00ed - Pattzdesign","isPartOf":{"@id":"https:\/\/pattzdesign.com\/#website"},"datePublished":"2023-12-29T12:46:58+00:00","dateModified":"2024-10-11T23:04:20+00:00","description":"Descubre quien es Pattzdesign, una dise\u00f1adora gr\u00e1fica e ilustradora con grandes inquietudes e intereses. \u00a1Explora mi mundo creativo!","breadcrumb":{"@id":"https:\/\/pattzdesign.com\/index.php\/sobre-mi-pattzdesign\/#breadcrumb"},"inLanguage":"en-US","potentialAction":[{"@type":"ReadAction","target":["https:\/\/pattzdesign.com\/index.php\/sobre-mi-pattzdesign\/"]}]},{"@type":"BreadcrumbList","@id":"https:\/\/pattzdesign.com\/index.php\/sobre-mi-pattzdesign\/#breadcrumb","itemListElement":[{"@type":"ListItem","position":1,"name":"Portada","item":"https:\/\/pattzdesign.com\/"},{"@type":"ListItem","position":2,"name":"Sobre m\u00ed"}]},{"@type":"WebSite","@id":"https:\/\/pattzdesign.com\/#website","url":"https:\/\/pattzdesign.com\/","name":"pattzdesign.com","description":"","potentialAction":[{"@type":"SearchAction","target":{"@type":"EntryPoint","urlTemplate":"https:\/\/pattzdesign.com\/?s={search_term_string}"},"query-input":"required name=search_term_string"}],"inLanguage":"en-US"}]}},"_links":{"self":[{"href":"https:\/\/pattzdesign.com\/index.php\/wp-json\/wp\/v2\/pages\/316"}],"collection":[{"href":"https:\/\/pattzdesign.com\/index.php\/wp-json\/wp\/v2\/pages"}],"about":[{"href":"https:\/\/pattzdesign.com\/index.php\/wp-json\/wp\/v2\/types\/page"}],"author":[{"embeddable":true,"href":"https:\/\/pattzdesign.com\/index.php\/wp-json\/wp\/v2\/users\/1"}],"replies":[{"embeddable":true,"href":"https:\/\/pattzdesign.com\/index.php\/wp-json\/wp\/v2\/comments?post=316"}],"version-history":[{"count":50,"href":"https:\/\/pattzdesign.com\/index.php\/wp-json\/wp\/v2\/pages\/316\/revisions"}],"predecessor-version":[{"id":1219,"href":"https:\/\/pattzdesign.com\/index.php\/wp-json\/wp\/v2\/pages\/316\/revisions\/1219"}],"wp:attachment":[{"href":"https:\/\/pattzdesign.com\/index.php\/wp-json\/wp\/v2\/media?parent=316"}],"curies":[{"name":"wp","href":"https:\/\/api.w.org\/{rel}","templated":true}]}}