{"id":355,"date":"2024-01-12T13:13:16","date_gmt":"2024-01-12T12:13:16","guid":{"rendered":"https:\/\/pattzdesign.com\/?page_id=355"},"modified":"2024-10-11T20:36:25","modified_gmt":"2024-10-11T18:36:25","slug":"contacto-disenadora-grafica-pattzdesign","status":"publish","type":"page","link":"https:\/\/pattzdesign.com\/index.php\/contacto-disenadora-grafica-pattzdesign\/","title":{"rendered":"Contacto"},"content":{"rendered":"<p>[et_pb_section fb_built=&#8221;1&#8243; admin_label=&#8221;Header&#8221; _builder_version=&#8221;4.23.4&#8243; _module_preset=&#8221;default&#8221; background_enable_color=&#8221;off&#8221; background_image=&#8221;http:\/\/pattzdesign.com\/wp-content\/uploads\/2023\/12\/IMG_7468-scaled.jpg&#8221; background_size=&#8221;initial&#8221; background_position=&#8221;top_center&#8221; hover_enabled=&#8221;0&#8243; collapsed=&#8221;off&#8221; global_colors_info=&#8221;{%22gcid-9ae412ef-a7ae-42a5-ab5b-f691fccab059%22:%91%22background_color%22,%22background_color_gradient_stops%22%93}&#8221; sticky_enabled=&#8221;0&#8243;][et_pb_row column_structure=&#8221;3_4,1_4&#8243; _builder_version=&#8221;4.19.2&#8243; _module_preset=&#8221;default&#8221; global_colors_info=&#8221;{}&#8221;][et_pb_column type=&#8221;3_4&#8243; _builder_version=&#8221;4.19.2&#8243; _module_preset=&#8221;default&#8221; global_colors_info=&#8221;{}&#8221;][et_pb_text _builder_version=&#8221;4.23.4&#8243; _module_preset=&#8221;default&#8221; text_font=&#8221;Typewriter||||||||&#8221; text_text_color=&#8221;#efefd7&#8243; text_font_size=&#8221;47px&#8221; global_colors_info=&#8221;{}&#8221;]<\/p>\n<p>Contacto:<\/p>\n<p>[\/et_pb_text][et_pb_text _builder_version=&#8221;4.23.4&#8243; _module_preset=&#8221;9b164fab-2aad-4bf5-9226-dbd6c5a73453&#8243; text_font=&#8221;Courier Prime||||||||&#8221; text_text_color=&#8221;#efefe3&#8243; global_colors_info=&#8221;{}&#8221;]<\/p>\n<p><span><\/span><\/p>\n<p><span><\/span><\/p>\n<p><span>\u00a1Hola! Me alegra que est\u00e9s interesad@ en mi trabajo. Si tienes alguna pregunta, comentario o est\u00e1s list@ para empezar un nuevo proyecto, aqu\u00ed tienes varias formas de ponerte en contacto conmigo:<\/span><\/p>\n<p>[\/et_pb_text][\/et_pb_column][et_pb_column type=&#8221;1_4&#8243; _builder_version=&#8221;4.19.2&#8243; _module_preset=&#8221;default&#8221; global_colors_info=&#8221;{}&#8221;][\/et_pb_column][\/et_pb_row][et_pb_row column_structure=&#8221;3_4,1_4&#8243; _builder_version=&#8221;4.23.4&#8243; _module_preset=&#8221;default&#8221; saved_tabs=&#8221;all&#8221; locked=&#8221;off&#8221; global_colors_info=&#8221;{}&#8221;][et_pb_column type=&#8221;3_4&#8243; _builder_version=&#8221;4.23.4&#8243; _module_preset=&#8221;default&#8221; use_background_color_gradient=&#8221;on&#8221; background_color_gradient_direction=&#8221;210deg&#8221; background_color_gradient_stops=&#8221;rgba(255,255,255,0.1) 20%|rgba(255,255,255,0) 70%&#8221; custom_padding=&#8221;30px|30px|30px|30px|true|true&#8221; custom_padding_tablet=&#8221;30px|30px|30px|30px|true|true&#8221; custom_padding_phone=&#8221;20px|20px|20px|20px|true|true&#8221; custom_padding_last_edited=&#8221;on|desktop&#8221; border_radii=&#8221;on|30px|30px|30px|30px&#8221; box_shadow_style=&#8221;preset4&#8243; box_shadow_horizontal=&#8221;50px&#8221; box_shadow_vertical=&#8221;-50px&#8221; box_shadow_blur=&#8221;80px&#8221; box_shadow_color=&#8221;rgba(9,9,21,0.35)&#8221; global_colors_info=&#8221;{}&#8221;][et_pb_contact_form email=&#8221;pattzdesign@gmail.com&#8221; custom_message=&#8221;Nombre: %%Nombre%%||et_pb_line_break_holder||||et_pb_line_break_holder||Email:%%Email%%||et_pb_line_break_holder||||et_pb_line_break_holder||Mensaje:%%Consulta%%&#8221; success_message=&#8221;\u00a1Mensaje enviado!&#8221; submit_button_text=&#8221;ENVIAR  &#8221; _builder_version=&#8221;4.23.4&#8243; _module_preset=&#8221;5296a0da-7e5b-449e-a157-ec10cdd26101&#8243; form_field_text_color=&#8221;#efefc4&#8243; form_field_focus_text_color=&#8221;#efefc4&#8243; title_font=&#8221;Typewriter||||||||&#8221; captcha_text_color=&#8221;#efefef&#8221; form_field_font=&#8221;Courier Prime||||||||&#8221; button_text_color=&#8221;#032B35&#8243; button_bg_color=&#8221;#efefc4&#8243; button_border_color=&#8221;#efefc4&#8243; button_letter_spacing=&#8221;0px&#8221; button_font=&#8221;Courier Prime||||||||&#8221; button_icon=&#8221;&#xe030;||divi||400&#8243; width=&#8221;100%&#8221; custom_margin=&#8221;0px|||1px|false|false&#8221; custom_padding=&#8221;0px|5px|0px|0px|false|false&#8221; locked=&#8221;off&#8221; global_colors_info=&#8221;{}&#8221;][et_pb_contact_field field_id=&#8221;Nombre&#8221; field_title=&#8221;Nombre&#8221; _builder_version=&#8221;4.23.4&#8243; _module_preset=&#8221;default&#8221; form_field_text_color=&#8221;#efefc4&#8243; border_width_all=&#8221;2px&#8221; border_color_all=&#8221;#efefc4&#8243; global_colors_info=&#8221;{}&#8221; button_text_size__hover_enabled=&#8221;off&#8221; button_one_text_size__hover_enabled=&#8221;off&#8221; button_two_text_size__hover_enabled=&#8221;off&#8221; button_text_color__hover_enabled=&#8221;off&#8221; button_one_text_color__hover_enabled=&#8221;off&#8221; button_two_text_color__hover_enabled=&#8221;off&#8221; button_border_width__hover_enabled=&#8221;off&#8221; button_one_border_width__hover_enabled=&#8221;off&#8221; button_two_border_width__hover_enabled=&#8221;off&#8221; button_border_color__hover_enabled=&#8221;off&#8221; button_one_border_color__hover_enabled=&#8221;off&#8221; button_two_border_color__hover_enabled=&#8221;off&#8221; button_border_radius__hover_enabled=&#8221;off&#8221; button_one_border_radius__hover_enabled=&#8221;off&#8221; button_two_border_radius__hover_enabled=&#8221;off&#8221; button_letter_spacing__hover_enabled=&#8221;off&#8221; button_one_letter_spacing__hover_enabled=&#8221;off&#8221; button_two_letter_spacing__hover_enabled=&#8221;off&#8221; button_bg_color__hover_enabled=&#8221;off&#8221; button_one_bg_color__hover_enabled=&#8221;off&#8221; button_two_bg_color__hover_enabled=&#8221;off&#8221;][\/et_pb_contact_field][et_pb_contact_field field_id=&#8221;Email&#8221; field_title=&#8221;Email &#8221; field_type=&#8221;email&#8221; _builder_version=&#8221;4.23.4&#8243; _module_preset=&#8221;default&#8221; form_field_text_color=&#8221;#efefc4&#8243; border_width_all=&#8221;2px&#8221; border_color_all=&#8221;#efefc4&#8243; global_colors_info=&#8221;{}&#8221; button_text_size__hover_enabled=&#8221;off&#8221; button_one_text_size__hover_enabled=&#8221;off&#8221; button_two_text_size__hover_enabled=&#8221;off&#8221; button_text_color__hover_enabled=&#8221;off&#8221; button_one_text_color__hover_enabled=&#8221;off&#8221; button_two_text_color__hover_enabled=&#8221;off&#8221; button_border_width__hover_enabled=&#8221;off&#8221; button_one_border_width__hover_enabled=&#8221;off&#8221; button_two_border_width__hover_enabled=&#8221;off&#8221; button_border_color__hover_enabled=&#8221;off&#8221; button_one_border_color__hover_enabled=&#8221;off&#8221; button_two_border_color__hover_enabled=&#8221;off&#8221; button_border_radius__hover_enabled=&#8221;off&#8221; button_one_border_radius__hover_enabled=&#8221;off&#8221; button_two_border_radius__hover_enabled=&#8221;off&#8221; button_letter_spacing__hover_enabled=&#8221;off&#8221; button_one_letter_spacing__hover_enabled=&#8221;off&#8221; button_two_letter_spacing__hover_enabled=&#8221;off&#8221; button_bg_color__hover_enabled=&#8221;off&#8221; button_one_bg_color__hover_enabled=&#8221;off&#8221; button_two_bg_color__hover_enabled=&#8221;off&#8221;][\/et_pb_contact_field][et_pb_contact_field field_id=&#8221;Consulta&#8221; field_title=&#8221;Mensaje&#8221; field_type=&#8221;text&#8221; fullwidth_field=&#8221;on&#8221; _builder_version=&#8221;4.23.4&#8243; _module_preset=&#8221;default&#8221; form_field_text_color=&#8221;#efefc4&#8243; border_color_all=&#8221;#efefc4&#8243; global_colors_info=&#8221;{}&#8221; button_text_size__hover_enabled=&#8221;off&#8221; button_one_text_size__hover_enabled=&#8221;off&#8221; button_two_text_size__hover_enabled=&#8221;off&#8221; button_text_color__hover_enabled=&#8221;off&#8221; button_one_text_color__hover_enabled=&#8221;off&#8221; button_two_text_color__hover_enabled=&#8221;off&#8221; button_border_width__hover_enabled=&#8221;off&#8221; button_one_border_width__hover_enabled=&#8221;off&#8221; button_two_border_width__hover_enabled=&#8221;off&#8221; button_border_color__hover_enabled=&#8221;off&#8221; button_one_border_color__hover_enabled=&#8221;off&#8221; button_two_border_color__hover_enabled=&#8221;off&#8221; button_border_radius__hover_enabled=&#8221;off&#8221; button_one_border_radius__hover_enabled=&#8221;off&#8221; button_two_border_radius__hover_enabled=&#8221;off&#8221; button_letter_spacing__hover_enabled=&#8221;off&#8221; button_one_letter_spacing__hover_enabled=&#8221;off&#8221; button_two_letter_spacing__hover_enabled=&#8221;off&#8221; button_bg_color__hover_enabled=&#8221;off&#8221; button_one_bg_color__hover_enabled=&#8221;off&#8221; button_two_bg_color__hover_enabled=&#8221;off&#8221;][\/et_pb_contact_field][\/et_pb_contact_form][\/et_pb_column][et_pb_column type=&#8221;1_4&#8243; _builder_version=&#8221;4.19.2&#8243; _module_preset=&#8221;default&#8221; use_background_color_gradient=&#8221;on&#8221; background_color_gradient_direction=&#8221;210deg&#8221; background_color_gradient_stops=&#8221;rgba(255,255,255,0.1) 20%|rgba(255,255,255,0) 70%&#8221; custom_padding=&#8221;30px|30px|30px|30px|true|true&#8221; custom_padding_tablet=&#8221;30px|30px|30px|30px|true|true&#8221; custom_padding_phone=&#8221;20px|20px|20px|20px|true|true&#8221; custom_padding_last_edited=&#8221;on|desktop&#8221; border_radii=&#8221;on|30px|30px|30px|30px&#8221; box_shadow_style=&#8221;preset4&#8243; box_shadow_horizontal=&#8221;50px&#8221; box_shadow_vertical=&#8221;-50px&#8221; box_shadow_blur=&#8221;80px&#8221; box_shadow_color=&#8221;rgba(9,9,21,0.35)&#8221; global_colors_info=&#8221;{}&#8221;][et_pb_blurb title=&#8221;Instagram&#8221; url=&#8221;https:\/\/www.instagram.com\/___pattz___\/&#8221; use_icon=&#8221;on&#8221; font_icon=&#8221;&#xe09a;||divi||400&#8243; image_icon_background_color=&#8221;rgba(239,239,196,0.53)&#8221; icon_placement=&#8221;left&#8221; image_icon_width=&#8221;23px&#8221; _builder_version=&#8221;4.23.4&#8243; _module_preset=&#8221;c0a1e1a0-e679-4896-86b3-6ba2f6f6b1d1&#8243; header_font=&#8221;Courier Prime|700|||||||&#8221; header_font_size=&#8221;15px&#8221; header_line_height=&#8221;1.6em&#8221; body_font=&#8221;Roboto||||||||&#8221; body_text_color=&#8221;#F5F3EF&#8221; body_font_size=&#8221;13px&#8221; body_link_text_color=&#8221;#B5A68F&#8221; link_option_url=&#8221;https:\/\/www.instagram.com\/___pattz___\/&#8221; locked=&#8221;off&#8221; global_colors_info=&#8221;{}&#8221;]<\/p>\n<p>@___pattz___<\/p>\n<p>&nbsp;<\/p>\n<p>[\/et_pb_blurb][et_pb_blurb title=&#8221;LinkedIn&#8221; url=&#8221;https:\/\/www.linkedin.com\/in\/patricia-lloret-casta%C3%B1%C3%B3n-6121a32a2\/&#8221; use_icon=&#8221;on&#8221; font_icon=&#8221;&#xf0e1;||fa||400&#8243; image_icon_background_color=&#8221;rgba(239,239,196,0.53)&#8221; icon_placement=&#8221;left&#8221; image_icon_width=&#8221;25px&#8221; _builder_version=&#8221;4.23.4&#8243; _module_preset=&#8221;c0a1e1a0-e679-4896-86b3-6ba2f6f6b1d1&#8243; header_font=&#8221;Courier Prime|700|||||||&#8221; header_font_size=&#8221;15px&#8221; header_line_height=&#8221;1.6em&#8221; body_font=&#8221;Roboto||||||||&#8221; body_text_color=&#8221;#F5F3EF&#8221; body_font_size=&#8221;13px&#8221; body_link_text_color=&#8221;#B5A68F&#8221; link_option_url=&#8221;https:\/\/www.linkedin.com\/in\/patricia-lloret-casta%C3%B1%C3%B3n-6121a32a2\/&#8221; locked=&#8221;off&#8221; global_colors_info=&#8221;{}&#8221;]<\/p>\n<p>Patricia Lloret<\/p>\n<p>[\/et_pb_blurb][\/et_pb_column][\/et_pb_row][et_pb_row column_structure=&#8221;2_5,3_5&#8243; custom_padding_last_edited=&#8221;on|tablet&#8221; _builder_version=&#8221;4.23.4&#8243; _module_preset=&#8221;default&#8221; use_background_color_gradient=&#8221;on&#8221; background_color_gradient_stops=&#8221;rgba(0,0,0,0.68) 4%|rgba(135,93,107,0.69) 95%&#8221; custom_margin=&#8221;60px||||false|false&#8221; custom_padding=&#8221;80px|80px|80px|80px|true|true&#8221; custom_padding_tablet=&#8221;40px|40px|40px|40px|true|true&#8221; custom_padding_phone=&#8221;30px|30px|30px|30px|true|true&#8221; hover_enabled=&#8221;0&#8243; border_radii=&#8221;on|4vw|4vw|4vw|4vw&#8221; locked=&#8221;off&#8221; global_colors_info=&#8221;{}&#8221; disabled_on=&#8221;on|on|on&#8221; disabled=&#8221;on&#8221; sticky_enabled=&#8221;0&#8243;][et_pb_column type=&#8221;2_5&#8243; _builder_version=&#8221;4.23.4&#8243; _module_preset=&#8221;default&#8221; border_color_all=&#8221;rgba(239,239,182,0.14)&#8221; global_colors_info=&#8221;{}&#8221;][et_pb_text _builder_version=&#8221;4.23.4&#8243; _module_preset=&#8221;3600d14b-eca9-4654-b368-42562c4da65e&#8221; text_font=&#8221;Typewriter||||||||&#8221; text_text_color=&#8221;#efefd7&#8243; header_font=&#8221;Typewriter||||||||&#8221; header_3_font=&#8221;Typewriter||||||||&#8221; header_3_text_color=&#8221;#efefd7&#8243; header_3_font_size=&#8221;30px&#8221; custom_margin=&#8221;||10px||false|false&#8221; header_3_font_size_phone=&#8221;25px&#8221; global_colors_info=&#8221;{}&#8221;]<\/p>\n<h3 style=\"text-align: center;\">Preguntas m\u00e1s frecuentes<\/h3>\n<p>[\/et_pb_text][et_pb_text _builder_version=&#8221;4.23.4&#8243; _module_preset=&#8221;9b164fab-2aad-4bf5-9226-dbd6c5a73453&#8243; text_font=&#8221;Courier Prime||||||||&#8221; global_colors_info=&#8221;{}&#8221;]<\/p>\n<p style=\"text-align: justify;\">\n<p style=\"text-align: justify;\">Estas son algunas de las preguntas que me suelen hacer mis clientes.<\/p>\n<p>[\/et_pb_text][\/et_pb_column][et_pb_column type=&#8221;3_5&#8243; _builder_version=&#8221;4.23.4&#8243; _module_preset=&#8221;default&#8221; border_color_all=&#8221;rgba(239,239,182,0.14)&#8221; global_colors_info=&#8221;{}&#8221;][et_pb_accordion open_toggle_text_color=&#8221;#9e1153&#8243; open_toggle_background_color=&#8221;#efefe3&#8243; closed_toggle_background_color=&#8221;#efefe3&#8243; icon_color=&#8221;#9e1153&#8243; _builder_version=&#8221;4.23.4&#8243; _module_preset=&#8221;default&#8221; toggle_text_color=&#8221;#9e1153&#8243; toggle_font=&#8221;Courier Prime|700|||||||&#8221; toggle_text_align=&#8221;center&#8221; toggle_font_size=&#8221;14px&#8221; toggle_line_height=&#8221;1.1em&#8221; body_font=&#8221;Courier Prime||||||||&#8221; body_text_align=&#8221;center&#8221; body_text_color=&#8221;#000000&#8243; body_font_size=&#8221;12px&#8221; hover_enabled=&#8221;0&#8243; border_radii=&#8221;on|20px|20px|20px|20px&#8221; global_colors_info=&#8221;{}&#8221; sticky_enabled=&#8221;0&#8243;][et_pb_accordion_item title=&#8221;\u00bfC\u00f3mo puedo empezar un proyecto contigo?&#8221; _builder_version=&#8221;4.23.4&#8243; _module_preset=&#8221;default&#8221; hover_enabled=&#8221;0&#8243; global_colors_info=&#8221;{}&#8221; open=&#8221;off&#8221; sticky_enabled=&#8221;0&#8243;]<\/p>\n<p><span>Para iniciar un proyecto, simplemente completa el formulario de contacto en mi p\u00e1gina web o env\u00edame un correo electr\u00f3nico con una breve descripci\u00f3n de tus necesidades y objetivos. \u00a1Estoy emocionada por comenzar a trabajar contigo!<\/span><\/p>\n<p>[\/et_pb_accordion_item][et_pb_accordion_item title=&#8221;\u00bfCu\u00e1nto tiempo suele llevarte completar un proyecto?&#8221; _builder_version=&#8221;4.23.4&#8243; _module_preset=&#8221;default&#8221; global_colors_info=&#8221;{}&#8221; open=&#8221;off&#8221;]<\/p>\n<p><span> La duraci\u00f3n de un proyecto var\u00eda seg\u00fan su complejidad y alcance. Trabajaremos juntos para establecer un cronograma realista. Proyectos m\u00e1s peque\u00f1os pueden completarse en semanas, mientras que proyectos m\u00e1s extensos pueden llevar meses.<\/span><\/p>\n<p>[\/et_pb_accordion_item][et_pb_accordion_item title=&#8221;\u00bfQu\u00e9 software y herramientas utilizas en tu proceso de dise\u00f1o?&#8221; _builder_version=&#8221;4.23.4&#8243; _module_preset=&#8221;default&#8221; global_colors_info=&#8221;{}&#8221; open=&#8221;off&#8221;]<\/p>\n<p><span>Utilizo herramientas l\u00edderes en la industria como Adobe Creative Cloud (Photoshop, Illustrator, InDesign) para garantizar la calidad y profesionalidad en mis dise\u00f1os.<\/span><\/p>\n<p>[\/et_pb_accordion_item][et_pb_accordion_item title=&#8221;\u00bfAceptas proyectos internacionales o trabajas solo localmente?&#8221; open=&#8221;on&#8221; _builder_version=&#8221;4.23.4&#8243; _module_preset=&#8221;default&#8221; global_colors_info=&#8221;{}&#8221;]<\/p>\n<p><span>\u00a1Definitivamente acepto proyectos tanto locales como internacionales! La creatividad no conoce fronteras, y me encanta poder trabajar con clientes de todo el mundo.<\/span><\/p>\n<p>[\/et_pb_accordion_item][et_pb_accordion_item title=&#8221;\u00bfC\u00f3mo manejas las revisiones y modificaciones en un proyecto?&#8221; _builder_version=&#8221;4.23.4&#8243; _module_preset=&#8221;default&#8221; global_colors_info=&#8221;{}&#8221; open=&#8221;off&#8221;]<\/p>\n<p><span>Incluyo revisiones en mis servicios para asegurar tu satisfacci\u00f3n. Estableceremos claramente el n\u00famero de revisiones permitidas en el contrato inicial, pero mi objetivo es trabajar contigo hasta que est\u00e9s completamente satisfecho\/a con el resultado.<\/span><\/p>\n<p>[\/et_pb_accordion_item][\/et_pb_accordion][\/et_pb_column][\/et_pb_row][\/et_pb_section]<\/p>\n","protected":false},"excerpt":{"rendered":"<p>Contacto: \u00a1Hola! Me alegra que est\u00e9s interesad@ en mi trabajo. Si tienes alguna pregunta, comentario o est\u00e1s list@ para empezar un nuevo proyecto, aqu\u00ed tienes varias formas de ponerte en contacto conmigo:@___pattz___ &nbsp;Patricia LloretPreguntas m\u00e1s frecuentes Estas son algunas de las preguntas que me suelen hacer mis clientes.Para iniciar un proyecto, simplemente completa el formulario [&hellip;]<\/p>\n","protected":false},"author":1,"featured_media":0,"parent":0,"menu_order":0,"comment_status":"closed","ping_status":"closed","template":"","meta":{"_et_pb_use_builder":"on","_et_pb_old_content":"","_et_gb_content_width":"","footnotes":""},"yoast_head":"<!-- This site is optimized with the Yoast SEO plugin v21.8 - https:\/\/yoast.com\/wordpress\/plugins\/seo\/ -->\n<title>Contacto - Preguntas frecuentes - Redes sociales - pattzdesign<\/title>\n<meta name=\"description\" content=\"\u00a1Contacta conmigo para iniciar tu proyecto creativo hoy mismo! Experta en dise\u00f1o gr\u00e1fico e ilustraci\u00f3n, transformo tus ideas en realidad.\" \/>\n<meta name=\"robots\" content=\"index, follow, max-snippet:-1, max-image-preview:large, max-video-preview:-1\" \/>\n<link rel=\"canonical\" href=\"https:\/\/pattzdesign.com\/index.php\/contacto-disenadora-grafica-pattzdesign\/\" \/>\n<meta property=\"og:locale\" content=\"en_US\" \/>\n<meta property=\"og:type\" content=\"article\" \/>\n<meta property=\"og:title\" content=\"Contacto - Preguntas frecuentes - Redes sociales - pattzdesign\" \/>\n<meta property=\"og:description\" content=\"\u00a1Contacta conmigo para iniciar tu proyecto creativo hoy mismo! Experta en dise\u00f1o gr\u00e1fico e ilustraci\u00f3n, transformo tus ideas en realidad.\" \/>\n<meta property=\"og:url\" content=\"https:\/\/pattzdesign.com\/index.php\/contacto-disenadora-grafica-pattzdesign\/\" \/>\n<meta property=\"og:site_name\" content=\"pattzdesign.com\" \/>\n<meta property=\"article:modified_time\" content=\"2024-10-11T18:36:25+00:00\" \/>\n<meta name=\"twitter:card\" content=\"summary_large_image\" \/>\n<meta name=\"twitter:label1\" content=\"Est. reading time\" \/>\n\t<meta name=\"twitter:data1\" content=\"2 minutes\" \/>\n<script type=\"application\/ld+json\" class=\"yoast-schema-graph\">{\"@context\":\"https:\/\/schema.org\",\"@graph\":[{\"@type\":\"WebPage\",\"@id\":\"https:\/\/pattzdesign.com\/index.php\/contacto-disenadora-grafica-pattzdesign\/\",\"url\":\"https:\/\/pattzdesign.com\/index.php\/contacto-disenadora-grafica-pattzdesign\/\",\"name\":\"Contacto - Preguntas frecuentes - Redes sociales - pattzdesign\",\"isPartOf\":{\"@id\":\"https:\/\/pattzdesign.com\/#website\"},\"datePublished\":\"2024-01-12T12:13:16+00:00\",\"dateModified\":\"2024-10-11T18:36:25+00:00\",\"description\":\"\u00a1Contacta conmigo para iniciar tu proyecto creativo hoy mismo! Experta en dise\u00f1o gr\u00e1fico e ilustraci\u00f3n, transformo tus ideas en realidad.\",\"breadcrumb\":{\"@id\":\"https:\/\/pattzdesign.com\/index.php\/contacto-disenadora-grafica-pattzdesign\/#breadcrumb\"},\"inLanguage\":\"en-US\",\"potentialAction\":[{\"@type\":\"ReadAction\",\"target\":[\"https:\/\/pattzdesign.com\/index.php\/contacto-disenadora-grafica-pattzdesign\/\"]}]},{\"@type\":\"BreadcrumbList\",\"@id\":\"https:\/\/pattzdesign.com\/index.php\/contacto-disenadora-grafica-pattzdesign\/#breadcrumb\",\"itemListElement\":[{\"@type\":\"ListItem\",\"position\":1,\"name\":\"Portada\",\"item\":\"https:\/\/pattzdesign.com\/\"},{\"@type\":\"ListItem\",\"position\":2,\"name\":\"Contacto\"}]},{\"@type\":\"WebSite\",\"@id\":\"https:\/\/pattzdesign.com\/#website\",\"url\":\"https:\/\/pattzdesign.com\/\",\"name\":\"pattzdesign.com\",\"description\":\"\",\"potentialAction\":[{\"@type\":\"SearchAction\",\"target\":{\"@type\":\"EntryPoint\",\"urlTemplate\":\"https:\/\/pattzdesign.com\/?s={search_term_string}\"},\"query-input\":\"required name=search_term_string\"}],\"inLanguage\":\"en-US\"}]}<\/script>\n<!-- \/ Yoast SEO plugin. -->","yoast_head_json":{"title":"Contacto - Preguntas frecuentes - Redes sociales - pattzdesign","description":"\u00a1Contacta conmigo para iniciar tu proyecto creativo hoy mismo! Experta en dise\u00f1o gr\u00e1fico e ilustraci\u00f3n, transformo tus ideas en realidad.","robots":{"index":"index","follow":"follow","max-snippet":"max-snippet:-1","max-image-preview":"max-image-preview:large","max-video-preview":"max-video-preview:-1"},"canonical":"https:\/\/pattzdesign.com\/index.php\/contacto-disenadora-grafica-pattzdesign\/","og_locale":"en_US","og_type":"article","og_title":"Contacto - Preguntas frecuentes - Redes sociales - pattzdesign","og_description":"\u00a1Contacta conmigo para iniciar tu proyecto creativo hoy mismo! Experta en dise\u00f1o gr\u00e1fico e ilustraci\u00f3n, transformo tus ideas en realidad.","og_url":"https:\/\/pattzdesign.com\/index.php\/contacto-disenadora-grafica-pattzdesign\/","og_site_name":"pattzdesign.com","article_modified_time":"2024-10-11T18:36:25+00:00","twitter_card":"summary_large_image","twitter_misc":{"Est. reading time":"2 minutes"},"schema":{"@context":"https:\/\/schema.org","@graph":[{"@type":"WebPage","@id":"https:\/\/pattzdesign.com\/index.php\/contacto-disenadora-grafica-pattzdesign\/","url":"https:\/\/pattzdesign.com\/index.php\/contacto-disenadora-grafica-pattzdesign\/","name":"Contacto - Preguntas frecuentes - Redes sociales - pattzdesign","isPartOf":{"@id":"https:\/\/pattzdesign.com\/#website"},"datePublished":"2024-01-12T12:13:16+00:00","dateModified":"2024-10-11T18:36:25+00:00","description":"\u00a1Contacta conmigo para iniciar tu proyecto creativo hoy mismo! Experta en dise\u00f1o gr\u00e1fico e ilustraci\u00f3n, transformo tus ideas en realidad.","breadcrumb":{"@id":"https:\/\/pattzdesign.com\/index.php\/contacto-disenadora-grafica-pattzdesign\/#breadcrumb"},"inLanguage":"en-US","potentialAction":[{"@type":"ReadAction","target":["https:\/\/pattzdesign.com\/index.php\/contacto-disenadora-grafica-pattzdesign\/"]}]},{"@type":"BreadcrumbList","@id":"https:\/\/pattzdesign.com\/index.php\/contacto-disenadora-grafica-pattzdesign\/#breadcrumb","itemListElement":[{"@type":"ListItem","position":1,"name":"Portada","item":"https:\/\/pattzdesign.com\/"},{"@type":"ListItem","position":2,"name":"Contacto"}]},{"@type":"WebSite","@id":"https:\/\/pattzdesign.com\/#website","url":"https:\/\/pattzdesign.com\/","name":"pattzdesign.com","description":"","potentialAction":[{"@type":"SearchAction","target":{"@type":"EntryPoint","urlTemplate":"https:\/\/pattzdesign.com\/?s={search_term_string}"},"query-input":"required name=search_term_string"}],"inLanguage":"en-US"}]}},"_links":{"self":[{"href":"https:\/\/pattzdesign.com\/index.php\/wp-json\/wp\/v2\/pages\/355"}],"collection":[{"href":"https:\/\/pattzdesign.com\/index.php\/wp-json\/wp\/v2\/pages"}],"about":[{"href":"https:\/\/pattzdesign.com\/index.php\/wp-json\/wp\/v2\/types\/page"}],"author":[{"embeddable":true,"href":"https:\/\/pattzdesign.com\/index.php\/wp-json\/wp\/v2\/users\/1"}],"replies":[{"embeddable":true,"href":"https:\/\/pattzdesign.com\/index.php\/wp-json\/wp\/v2\/comments?post=355"}],"version-history":[{"count":37,"href":"https:\/\/pattzdesign.com\/index.php\/wp-json\/wp\/v2\/pages\/355\/revisions"}],"predecessor-version":[{"id":1182,"href":"https:\/\/pattzdesign.com\/index.php\/wp-json\/wp\/v2\/pages\/355\/revisions\/1182"}],"wp:attachment":[{"href":"https:\/\/pattzdesign.com\/index.php\/wp-json\/wp\/v2\/media?parent=355"}],"curies":[{"name":"wp","href":"https:\/\/api.w.org\/{rel}","templated":true}]}}